{"id":1970,"date":"2024-10-15T08:36:27","date_gmt":"2024-10-15T12:36:27","guid":{"rendered":"https:\/\/obseis.ufms.br\/?page_id=1970"},"modified":"2026-04-29T17:00:22","modified_gmt":"2026-04-29T21:00:22","slug":"extensao","status":"publish","type":"page","link":"https:\/\/obseis.ufms.br\/en\/eixos-de-atuacao\/extensao\/","title":{"rendered":"Eixo de Extens\u00e3o"},"content":{"rendered":"\t\t<div data-elementor-type=\"wp-page\" data-elementor-id=\"1970\" class=\"elementor elementor-1970\">\n\t\t\t\t<div class=\"elementor-element elementor-element-01d3ddc e-flex e-con-boxed e-con e-parent\" data-id=\"01d3ddc\" data-element_type=\"container\">\n\t\t\t\t\t<div class=\"e-con-inner\">\n\t\t\t\t<div class=\"elementor-element elementor-element-f54d1d7 elementor-widget elementor-widget-spacer\" data-id=\"f54d1d7\" data-element_type=\"widget\" data-widget_type=\"spacer.default\">\n\t\t\t\t<div class=\"elementor-widget-container\">\n\t\t\t\t\t\t\t<div class=\"elementor-spacer\">\n\t\t\t<div class=\"elementor-spacer-inner\"><\/div>\n\t\t<\/div>\n\t\t\t\t\t\t<\/div>\n\t\t\t\t<\/div>\n\t\t\t\t<div class=\"elementor-element elementor-element-5901090 elementor-arrows-position-inside elementor-pagination-position-outside elementor-widget elementor-widget-image-carousel\" data-id=\"5901090\" data-element_type=\"widget\" data-settings=\"{&quot;navigation&quot;:&quot;both&quot;,&quot;autoplay&quot;:&quot;yes&quot;,&quot;pause_on_hover&quot;:&quot;yes&quot;,&quot;pause_on_interaction&quot;:&quot;yes&quot;,&quot;autoplay_speed&quot;:5000,&quot;infinite&quot;:&quot;yes&quot;,&quot;speed&quot;:500}\" data-widget_type=\"image-carousel.default\">\n\t\t\t\t<div class=\"elementor-widget-container\">\n\t\t\t\t\t\t\t<div class=\"elementor-image-carousel-wrapper swiper\" role=\"region\" aria-roledescription=\"carousel\" aria-label=\"Carrossel de imagens\" dir=\"ltr\">\n\t\t\t<div class=\"elementor-image-carousel swiper-wrapper\" aria-live=\"off\">\n\t\t\t\t\t\t\t\t<div class=\"swiper-slide\" role=\"group\" aria-roledescription=\"slide\" aria-label=\"1 of 17\"><figure class=\"swiper-slide-inner\"><img decoding=\"async\" class=\"swiper-slide-image\" src=\"https:\/\/obseis.ufms.br\/files\/2025\/06\/Objetivo_Desenvolvimento_Sustentavel_1_PT-150x150.jpg\" alt=\"Objetivo_Desenvolvimento_Sustent\u00e1vel_1_PT\" \/><\/figure><\/div><div class=\"swiper-slide\" role=\"group\" aria-roledescription=\"slide\" aria-label=\"2 of 17\"><figure class=\"swiper-slide-inner\"><img decoding=\"async\" class=\"swiper-slide-image\" src=\"https:\/\/obseis.ufms.br\/files\/2024\/10\/2c-150x150.png\" alt=\"\" \/><\/figure><\/div><div class=\"swiper-slide\" role=\"group\" aria-roledescription=\"slide\" aria-label=\"3 of 17\"><figure class=\"swiper-slide-inner\"><img decoding=\"async\" class=\"swiper-slide-image\" src=\"https:\/\/obseis.ufms.br\/files\/2024\/10\/1c-150x150.png\" alt=\"\" \/><\/figure><\/div><div class=\"swiper-slide\" role=\"group\" aria-roledescription=\"slide\" aria-label=\"4 of 17\"><figure class=\"swiper-slide-inner\"><img decoding=\"async\" class=\"swiper-slide-image\" src=\"https:\/\/obseis.ufms.br\/files\/2024\/10\/3a-150x150.png\" alt=\"\" \/><\/figure><\/div><div class=\"swiper-slide\" role=\"group\" aria-roledescription=\"slide\" aria-label=\"5 of 17\"><figure class=\"swiper-slide-inner\"><img decoding=\"async\" class=\"swiper-slide-image\" src=\"https:\/\/obseis.ufms.br\/files\/2024\/10\/4c-150x150.png\" alt=\"\" \/><\/figure><\/div><div class=\"swiper-slide\" role=\"group\" aria-roledescription=\"slide\" aria-label=\"6 of 17\"><figure class=\"swiper-slide-inner\"><img decoding=\"async\" class=\"swiper-slide-image\" src=\"https:\/\/obseis.ufms.br\/files\/2024\/10\/1b-150x150.png\" alt=\"1b\" \/><\/figure><\/div><div class=\"swiper-slide\" role=\"group\" aria-roledescription=\"slide\" aria-label=\"7 of 17\"><figure class=\"swiper-slide-inner\"><img decoding=\"async\" class=\"swiper-slide-image\" src=\"https:\/\/obseis.ufms.br\/files\/2024\/10\/2b-150x150.png\" alt=\"\" \/><\/figure><\/div><div class=\"swiper-slide\" role=\"group\" aria-roledescription=\"slide\" aria-label=\"8 of 17\"><figure class=\"swiper-slide-inner\"><img decoding=\"async\" class=\"swiper-slide-image\" src=\"https:\/\/obseis.ufms.br\/files\/2024\/10\/3b-150x150.png\" alt=\"\" \/><\/figure><\/div><div class=\"swiper-slide\" role=\"group\" aria-roledescription=\"slide\" aria-label=\"9 of 17\"><figure class=\"swiper-slide-inner\"><img decoding=\"async\" class=\"swiper-slide-image\" src=\"https:\/\/obseis.ufms.br\/files\/2024\/10\/4b-150x150.png\" alt=\"\" \/><\/figure><\/div><div class=\"swiper-slide\" role=\"group\" aria-roledescription=\"slide\" aria-label=\"10 of 17\"><figure class=\"swiper-slide-inner\"><img decoding=\"async\" class=\"swiper-slide-image\" src=\"https:\/\/obseis.ufms.br\/files\/2024\/10\/3c-150x150.png\" alt=\"\" \/><\/figure><\/div><div class=\"swiper-slide\" role=\"group\" aria-roledescription=\"slide\" aria-label=\"11 of 17\"><figure class=\"swiper-slide-inner\"><img decoding=\"async\" class=\"swiper-slide-image\" src=\"https:\/\/obseis.ufms.br\/files\/2024\/10\/5b-150x150.png\" alt=\"\" \/><\/figure><\/div><div class=\"swiper-slide\" role=\"group\" aria-roledescription=\"slide\" aria-label=\"12 of 17\"><figure class=\"swiper-slide-inner\"><img decoding=\"async\" class=\"swiper-slide-image\" src=\"https:\/\/obseis.ufms.br\/files\/2025\/06\/ods12-150x150.png\" alt=\"ods12\" \/><\/figure><\/div><div class=\"swiper-slide\" role=\"group\" aria-roledescription=\"slide\" aria-label=\"13 of 17\"><figure class=\"swiper-slide-inner\"><img decoding=\"async\" class=\"swiper-slide-image\" src=\"https:\/\/obseis.ufms.br\/files\/2025\/06\/article-150x150.jpeg\" alt=\"article\" \/><\/figure><\/div><div class=\"swiper-slide\" role=\"group\" aria-roledescription=\"slide\" aria-label=\"14 of 17\"><figure class=\"swiper-slide-inner\"><img decoding=\"async\" class=\"swiper-slide-image\" src=\"https:\/\/obseis.ufms.br\/files\/2025\/06\/Objetivo_Desenvolvimento_Sustentavel_14_PT-150x150.jpg\" alt=\"Objetivo_Desenvolvimento_Sustent\u00e1vel_14_PT\" \/><\/figure><\/div><div class=\"swiper-slide\" role=\"group\" aria-roledescription=\"slide\" aria-label=\"15 of 17\"><figure class=\"swiper-slide-inner\"><img decoding=\"async\" class=\"swiper-slide-image\" src=\"https:\/\/obseis.ufms.br\/files\/2025\/06\/images-150x150.png\" alt=\"images\" \/><\/figure><\/div><div class=\"swiper-slide\" role=\"group\" aria-roledescription=\"slide\" aria-label=\"16 of 17\"><figure class=\"swiper-slide-inner\"><img decoding=\"async\" class=\"swiper-slide-image\" src=\"https:\/\/obseis.ufms.br\/files\/2025\/06\/Objetivo_Desenvolvimento_Sustentavel_16_PT-150x150.jpg\" alt=\"Objetivo_Desenvolvimento_Sustent\u00e1vel_16_PT\" \/><\/figure><\/div><div class=\"swiper-slide\" role=\"group\" aria-roledescription=\"slide\" aria-label=\"17 of 17\"><figure class=\"swiper-slide-inner\"><img decoding=\"async\" class=\"swiper-slide-image\" src=\"https:\/\/obseis.ufms.br\/files\/2025\/06\/Objetivo_Desenvolvimento_Sustentavel_17_PT.webp_-150x150.png\" alt=\"Objetivo_Desenvolvimento_Sustent\u00e1vel_17_PT.webp\" \/><\/figure><\/div>\t\t\t<\/div>\n\t\t\t\t\t\t\t\t\t\t\t\t<div class=\"elementor-swiper-button elementor-swiper-button-prev\" role=\"button\" tabindex=\"0\">\n\t\t\t\t\t\t<i aria-hidden=\"true\" class=\"eicon-chevron-left\"><\/i>\t\t\t\t\t<\/div>\n\t\t\t\t\t<div class=\"elementor-swiper-button elementor-swiper-button-next\" role=\"button\" tabindex=\"0\">\n\t\t\t\t\t\t<i aria-hidden=\"true\" class=\"eicon-chevron-right\"><\/i>\t\t\t\t\t<\/div>\n\t\t\t\t\n\t\t\t\t\t\t\t\t\t<div class=\"swiper-pagination\"><\/div>\n\t\t\t\t\t\t\t\t\t<\/div>\n\t\t\t\t\t\t<\/div>\n\t\t\t\t<\/div>\n\t\t\t\t<div class=\"elementor-element elementor-element-d0e16f1 elementor-view-default elementor-widget elementor-widget-icon\" data-id=\"d0e16f1\" data-element_type=\"widget\" data-widget_type=\"icon.default\">\n\t\t\t\t<div class=\"elementor-widget-container\">\n\t\t\t\t\t\t\t<div class=\"elementor-icon-wrapper\">\n\t\t\t<div class=\"elementor-icon\">\n\t\t\t<i aria-hidden=\"true\" class=\"fas fa-users\"><\/i>\t\t\t<\/div>\n\t\t<\/div>\n\t\t\t\t\t\t<\/div>\n\t\t\t\t<\/div>\n\t\t\t\t<div class=\"elementor-element elementor-element-dceb402 elementor-widget elementor-widget-heading\" data-id=\"dceb402\" data-element_type=\"widget\" data-widget_type=\"heading.default\">\n\t\t\t\t<div class=\"elementor-widget-container\">\n\t\t\t\t\t<h2 class=\"elementor-heading-title elementor-size-default\">Eixo de Extens\u00e3o<\/h2>\t\t\t\t<\/div>\n\t\t\t\t<\/div>\n\t\t\t\t\t<\/div>\n\t\t\t\t<\/div>\n\t\t<div class=\"elementor-element elementor-element-c79c393 e-flex e-con-boxed e-con e-parent\" data-id=\"c79c393\" data-element_type=\"container\">\n\t\t\t\t\t<div class=\"e-con-inner\">\n\t\t\t\t<div class=\"elementor-element elementor-element-9bfe8d8 elementor-widget elementor-widget-text-editor\" data-id=\"9bfe8d8\" data-element_type=\"widget\" data-widget_type=\"text-editor.default\">\n\t\t\t\t<div class=\"elementor-widget-container\">\n\t\t\t\t\t\t\t\t\t<p>O eixo de extens\u00e3o tem como prop\u00f3sito fortalecer a conex\u00e3o entre conhecimento acad\u00eamico e realidade social, promovendo a\u00e7\u00f5es que gerem impacto positivo nos territ\u00f3rios, estimulem o desenvolvimento de compet\u00eancias para a a\u00e7\u00e3o transformadora e contribuam para a melhoria da qualidade de vida da popula\u00e7\u00e3o.<\/p>\t\t\t\t\t\t\t\t<\/div>\n\t\t\t\t<\/div>\n\t\t\t\t\t<\/div>\n\t\t\t\t<\/div>\n\t\t<div class=\"elementor-element elementor-element-b229a5a e-flex e-con-boxed e-con e-parent\" data-id=\"b229a5a\" data-element_type=\"container\">\n\t\t\t\t\t<div class=\"e-con-inner\">\n\t\t\t\t<div class=\"elementor-element elementor-element-bc895f7 elementor-widget elementor-widget-text-editor\" data-id=\"bc895f7\" data-element_type=\"widget\" data-widget_type=\"text-editor.default\">\n\t\t\t\t<div class=\"elementor-widget-container\">\n\t\t\t\t\t\t\t\t\t<p><strong>Objetivo estrat\u00e9gico<\/strong>: Promover a participa\u00e7\u00e3o ativa da comunidade acad\u00eamica, estimulando a inova\u00e7\u00e3o, criatividade, coopera\u00e7\u00e3o entre os envolvidos e desenvolver a\u00e7\u00f5es diversas para p\u00fablicos variados, voltadas para o fortalecimento dos NIS e do Terceiro Setor.<\/p><p><b>Meta:<\/b>Aumentar o n\u00famero dos projetos e oficinas de extens\u00e3o voltados para os NIS fomentando o empreendedorismo social no terceiro setor e o desenvolvimento de assentamentos humanos inclusivos, seguros, resilientes e sustent\u00e1veis.<b><br \/><\/b><\/p><p><b>Indicadores:<\/b><\/p><ul><li style=\"font-weight: 400\"><span style=\"font-weight: 400\">N\u00famero de projetos de extens\u00e3o realizados em NIS e no Terceiro Setor.<\/span><\/li><li style=\"font-weight: 400\"><span style=\"font-weight: 400\">Percentual de projetos de extens\u00e3o que geram emprego.<\/span><\/li><li style=\"font-weight: 400\"><span style=\"font-weight: 400\">Percentual de projetos de extens\u00e3o voltados para a melhoria das condi\u00e7\u00f5es de moradia.<\/span><\/li><\/ul>\t\t\t\t\t\t\t\t<\/div>\n\t\t\t\t<\/div>\n\t\t\t\t\t<\/div>\n\t\t\t\t<\/div>\n\t\t<div class=\"elementor-element elementor-element-3af8420 e-flex e-con-boxed e-con e-parent\" data-id=\"3af8420\" data-element_type=\"container\">\n\t\t\t\t\t<div class=\"e-con-inner\">\n\t\t\t\t<div class=\"elementor-element elementor-element-224db35 elementor-widget elementor-widget-spacer\" data-id=\"224db35\" data-element_type=\"widget\" data-widget_type=\"spacer.default\">\n\t\t\t\t<div class=\"elementor-widget-container\">\n\t\t\t\t\t\t\t<div class=\"elementor-spacer\">\n\t\t\t<div class=\"elementor-spacer-inner\"><\/div>\n\t\t<\/div>\n\t\t\t\t\t\t<\/div>\n\t\t\t\t<\/div>\n\t\t\t\t\t<\/div>\n\t\t\t\t<\/div>\n\t\t\t\t<\/div>\n\t\t","protected":false},"excerpt":{"rendered":"<p>Eixo de Extens\u00e3o O eixo de extens\u00e3o tem como prop\u00f3sito fortalecer a conex\u00e3o entre conhecimento acad\u00eamico e realidade social, promovendo a\u00e7\u00f5es que gerem impacto positivo<\/p>\n","protected":false},"author":54219,"featured_media":0,"parent":1925,"menu_order":0,"comment_status":"closed","ping_status":"closed","template":"elementor_header_footer","meta":{"footnotes":""},"coauthors":[],"class_list":["post-1970","page","type-page","status-publish","hentry"],"aioseo_notices":[],"_links":{"self":[{"href":"https:\/\/obseis.ufms.br\/en\/wp-json\/wp\/v2\/pages\/1970","targetHints":{"allow":["GET"]}}],"collection":[{"href":"https:\/\/obseis.ufms.br\/en\/wp-json\/wp\/v2\/pages"}],"about":[{"href":"https:\/\/obseis.ufms.br\/en\/wp-json\/wp\/v2\/types\/page"}],"author":[{"embeddable":true,"href":"https:\/\/obseis.ufms.br\/en\/wp-json\/wp\/v2\/users\/54219"}],"replies":[{"embeddable":true,"href":"https:\/\/obseis.ufms.br\/en\/wp-json\/wp\/v2\/comments?post=1970"}],"version-history":[{"count":34,"href":"https:\/\/obseis.ufms.br\/en\/wp-json\/wp\/v2\/pages\/1970\/revisions"}],"predecessor-version":[{"id":2992,"href":"https:\/\/obseis.ufms.br\/en\/wp-json\/wp\/v2\/pages\/1970\/revisions\/2992"}],"up":[{"embeddable":true,"href":"https:\/\/obseis.ufms.br\/en\/wp-json\/wp\/v2\/pages\/1925"}],"wp:attachment":[{"href":"https:\/\/obseis.ufms.br\/en\/wp-json\/wp\/v2\/media?parent=1970"}],"wp:term":[{"taxonomy":"author","embeddable":true,"href":"https:\/\/obseis.ufms.br\/en\/wp-json\/wp\/v2\/coauthors?post=1970"}],"curies":[{"name":"wp","href":"https:\/\/api.w.org\/{rel}","templated":true}]}}